{"id":878,"date":"2022-12-18T15:42:24","date_gmt":"2022-12-18T12:42:24","guid":{"rendered":"https:\/\/www.bioferaenerji.com.tr\/anasayfa\/"},"modified":"2024-01-09T09:58:19","modified_gmt":"2024-01-09T06:58:19","slug":"anasayfa","status":"publish","type":"page","link":"https:\/\/www.bioferaenerji.com.tr\/en\/","title":{"rendered":"Anasayfa"},"content":{"rendered":"\t<section class=\"section\" id=\"section_76834086\">\n\t\t<div class=\"bg section-bg fill bg-fill  bg-loaded\" >\n\n\t\t\t\n\t\t\t\n\t\t\t\n\n\t\t<\/div>\n\n\t\t\n\n\t\t<div class=\"section-content relative\">\n\t\t\t\n\n\n\t\t\t<!-- START ingilizce REVOLUTION SLIDER 6.5.11 --><p class=\"rs-p-wp-fix\"><\/p>\n\t\t\t<rs-module-wrap id=\"rev_slider_3_1_wrapper\" data-source=\"gallery\" style=\"visibility:hidden;background:transparent;padding:0;\">\n\t\t\t\t<rs-module id=\"rev_slider_3_1\" style=\"\" data-version=\"6.5.11\">\n\t\t\t\t\t<rs-slides>\n\t\t\t\t\t\t<rs-slide style=\"position: absolute;\" data-key=\"rs-3\" data-title=\"Slide\" data-in=\"o:0;\" data-out=\"a:false;\">\n\t\t\t\t\t\t\t<img loading=\"lazy\" decoding=\"async\" src=\"\/\/www.bioferaenerji.com.tr\/wp-content\/plugins\/revslider\/public\/assets\/assets\/dummy.png\" title=\"farm_preview\" width=\"1920\" height=\"1080\" class=\"rev-slidebg tp-rs-img rs-lazyload\" data-lazyload=\"\/\/www.bioferaenerji.com.tr\/wp-content\/uploads\/2022\/02\/farm_preview.jpg\" data-no-retina>\n\t\t\t\t\t\t\t<rs-bgvideo \n\t\t\t\t\t\t\t\tdata-video=\"w:100%;h:100%;nse:false;l:true;ptimer:false;vfc:true;\"\n\t\t\t\t\t\t\t\tdata-mp4=\"\/\/www.bioferaenerji.com.tr\/wp-content\/uploads\/2022\/02\/ciftlik.mp4\"\n\t\t\t\t\t\t\t><\/rs-bgvideo>\n<!--\n\t\t\t\t\t\t\t--><rs-layer\n\t\t\t\t\t\t\t\tid=\"slider-3-slide-3-layer-0\" \n\t\t\t\t\t\t\t\tdata-type=\"shape\"\n\t\t\t\t\t\t\t\tdata-xy=\"x:c;y:m;yo:30px,30px,30px,56px;\"\n\t\t\t\t\t\t\t\tdata-text=\"w:normal;\"\n\t\t\t\t\t\t\t\tdata-dim=\"w:581px,581px,581px,347px;h:521px,521px,521px,408px;\"\n\t\t\t\t\t\t\t\tdata-rsp_o=\"off\"\n\t\t\t\t\t\t\t\tdata-rsp_bd=\"off\"\n\t\t\t\t\t\t\t\tdata-border=\"bos:solid;boc:#5e8c3b;bow:20px,20px,20px,20px;\"\n\t\t\t\t\t\t\t\tdata-frame_999=\"o:0;st:w;\"\n\t\t\t\t\t\t\t\tstyle=\"z-index:5;\"\n\t\t\t\t\t\t\t> \n\t\t\t\t\t\t\t<\/rs-layer><!--\n\n\t\t\t\t\t\t\t--><rs-layer\n\t\t\t\t\t\t\t\tid=\"slider-3-slide-3-layer-1\" \n\t\t\t\t\t\t\t\tdata-type=\"text\"\n\t\t\t\t\t\t\t\tdata-xy=\"x:c;xo:1px,1px,1px,0;y:m;yo:-107px,-107px,-107px,-57px;\"\n\t\t\t\t\t\t\t\tdata-text=\"w:normal;s:35,35,35,15;\"\n\t\t\t\t\t\t\t\tdata-rsp_o=\"off\"\n\t\t\t\t\t\t\t\tdata-rsp_bd=\"off\"\n\t\t\t\t\t\t\t\tdata-frame_999=\"o:0;st:w;\"\n\t\t\t\t\t\t\t\tstyle=\"z-index:6;font-family:'Roboto';\"\n\t\t\t\t\t\t\t>ORGANIC FERTILIZERS \n\t\t\t\t\t\t\t<\/rs-layer><!--\n\n\t\t\t\t\t\t\t--><rs-layer\n\t\t\t\t\t\t\t\tid=\"slider-3-slide-3-layer-2\" \n\t\t\t\t\t\t\t\tdata-type=\"text\"\n\t\t\t\t\t\t\t\tdata-xy=\"x:c;y:m;yo:30px,30px,30px,57px;\"\n\t\t\t\t\t\t\t\tdata-text=\"w:normal;s:54,54,54,33;l:68,68,68,39;fw:700;a:center;\"\n\t\t\t\t\t\t\t\tdata-rsp_o=\"off\"\n\t\t\t\t\t\t\t\tdata-rsp_bd=\"off\"\n\t\t\t\t\t\t\t\tdata-frame_999=\"o:0;st:w;\"\n\t\t\t\t\t\t\t\tstyle=\"z-index:7;font-family:'Roboto';\"\n\t\t\t\t\t\t\t>BIOFERA ORGANIC <br>FERTILIZER \n\t\t\t\t\t\t\t<\/rs-layer><!--\n\n\t\t\t\t\t\t\t--><rs-layer\n\t\t\t\t\t\t\t\tid=\"slider-3-slide-3-layer-3\" \n\t\t\t\t\t\t\t\tdata-type=\"text\"\n\t\t\t\t\t\t\t\tdata-xy=\"x:c;y:m;yo:225px,225px,225px,180px;\"\n\t\t\t\t\t\t\t\tdata-text=\"w:normal;\"\n\t\t\t\t\t\t\t\tdata-rsp_o=\"off\"\n\t\t\t\t\t\t\t\tdata-rsp_bd=\"off\"\n\t\t\t\t\t\t\t\tdata-frame_999=\"o:0;st:w;\"\n\t\t\t\t\t\t\t\tstyle=\"z-index:8;font-family:'Courgette';\"\n\t\t\t\t\t\t\t>SUSTAINABLE AGRICULTURE \n\t\t\t\t\t\t\t<\/rs-layer><!--\n-->\t\t\t\t\t\t<\/rs-slide>\n\t\t\t\t\t<\/rs-slides>\n\t\t\t\t<\/rs-module>\n\t\t\t\t<script type=\"text\/javascript\">\n\t\t\t\t\tsetREVStartSize({c: 'rev_slider_3_1',rl:[1240,1024,778,480],el:[900,768,960,520],gw:[1240,1024,778,480],gh:[900,520,520,520],type:'standard',justify:'',layout:'fullscreen',offsetContainer:'',offset:'',mh:\"0\"});if (window.RS_MODULES!==undefined && window.RS_MODULES.modules!==undefined && window.RS_MODULES.modules[\"revslider31\"]!==undefined) {window.RS_MODULES.modules[\"revslider31\"].once = false;window.revapi3 = undefined;if (window.RS_MODULES.checkMinimal!==undefined) window.RS_MODULES.checkMinimal()}\n\t\t\t\t<\/script>\n\t\t\t<\/rs-module-wrap>\n\t\t\t<!-- END REVOLUTION SLIDER -->\n\n\n\t\t<\/div>\n\n\t\t\n<style>\n#section_76834086 {\n  padding-top: 0px;\n  padding-bottom: 0px;\n}\n#section_76834086 .ux-shape-divider--top svg {\n  height: 150px;\n  --divider-top-width: 100%;\n}\n#section_76834086 .ux-shape-divider--bottom svg {\n  height: 150px;\n  --divider-width: 100%;\n}\n<\/style>\n\t<\/section>\n\t\n\t<div id=\"gap-1785374612\" class=\"gap-element clearfix\" style=\"display:block; height:auto;\">\n\t\t\n<style>\n#gap-1785374612 {\n  padding-top: 80px;\n}\n<\/style>\n\t<\/div>\n\t\n\t<section class=\"section\" id=\"section_155669176\">\n\t\t<div class=\"bg section-bg fill bg-fill  bg-loaded\" >\n\n\t\t\t\n\t\t\t\n\t\t\t\n\n\t\t<\/div>\n\n\t\t\n\n\t\t<div class=\"section-content relative\">\n\t\t\t\n<div class=\"row\"  id=\"row-636718098\">\n\n\t<div id=\"col-1835787951\" class=\"col medium-7 small-12 large-7\"  >\n\t\t\t\t<div class=\"col-inner\"  >\n\t\t\t\n\t\t\t\n\t<div id=\"text-642063171\" class=\"text\">\n\t\t\n<h1 class=\"font_3\"><span class=\"color_34\" data-text-color=\"primary\">MAXIMUM YIELD WITH BIOFERA ORGANIC FERTILIZERS<\/span><\/h1>\n<div>Biofera Organic Fertilizer is a natural organic fertilizer that does not contain any chemical additives and processes obtained by mineralizing the material of plant and animal origin by microorganisms with a special closed technology and ecological acclimatization technology.<\/div>\n<div>\u00a0<\/div>\n<div>By choosing our all-natural organic fertilizer, you can be sure that your plants are fed only the best fertilizer. Our premium formula is made with sustainable and natural ingredients to provide essential nutrients and promote strong growth.<\/div>\n\t\t\n<style>\n#text-642063171 {\n  line-height: 1.8;\n  color: rgb(0,0,0);\n}\n#text-642063171 > * {\n  color: rgb(0,0,0);\n}\n<\/style>\n\t<\/div>\n\t\n<a href=\"https:\/\/www.bioferaenerji.com.tr\/en\/urunlerimiz\/\" target=\"_self\" class=\"button primary\"  style=\"padding:0px 14px 0px 14px;\">\n    <span>OUR PRODUCTS<\/span>\n  <\/a>\n\n\t\t<\/div>\n\t\t\t\t\n<style>\n#col-1835787951 > .col-inner {\n  padding: 32px 0px 0px 0px;\n}\n<\/style>\n\t<\/div>\n\n\t\n\n\t<div id=\"col-1290938705\" class=\"col medium-3 small-12 large-3\"  >\n\t\t\t\t<div class=\"col-inner\"  >\n\t\t\t\n\t\t\t\n\t<div class=\"img has-hover aboutimg x md-x lg-x y md-y lg-y\" id=\"image_157633421\">\n\t\t\t\t\t\t\t\t<div class=\"img-inner image-zoom box-shadow-1 box-shadow-2-hover dark\" style=\"margin:107px 0px 0px 0px;\">\n\t\t\t<img loading=\"lazy\" decoding=\"async\" width=\"418\" height=\"277\" src=\"https:\/\/www.bioferaenerji.com.tr\/wp-content\/uploads\/2022\/02\/about.jpg\" class=\"attachment-original size-original\" alt=\"\" \/>\t\t\t\t\t\t\t<div class=\"overlay\" style=\"background-color: rgba(0, 0, 0, 0.006)\"><\/div>\n\t\t\t\t\t\t\n\t\t\t\t\t<\/div>\n\t\t\t\t\t\t\t\t\n<style>\n#image_157633421 {\n  width: 100%;\n}\n<\/style>\n\t<\/div>\n\t\n\t\t<\/div>\n\t\t\t\t\t<\/div>\n\n\t\n<\/div>\n<div class=\"row\"  id=\"row-649772041\">\n\n\t<div id=\"col-569119573\" class=\"col medium-7 small-12 large-7\"  >\n\t\t\t\t<div class=\"col-inner\"  >\n\t\t\t\n\t\t\t\n\t<div id=\"text-2855146636\" class=\"text\">\n\t\t\n<h2 id=\"comp-ldyhd18l\" class=\"KcpHeO tz5f0K comp-ldyhd18l wixui-text\" data-testid=\"richTextElement\"><span class=\"color_34\" data-text-color=\"primary\">IMPROVE YOUR LIFE QUALITY WITH BIOFERA<\/span><\/h2>\n<div id=\"comp-ldyi3n47\" class=\"comp-ldyi3n47 wixui-vector-image\">\n<div class=\"aizuI7 TcoJIb comp-ldyi3n47\" data-testid=\"svgRoot-comp-ldyi3n47\">\n<p><span class=\"emoji\">\ud83c\udf3f<\/span><strong>Healthy Soil<\/strong><\/p>\n<p>Biofera improves the soil, resulting in healthier plants, crops and better growing conditions.<\/p>\n<p><strong style=\"font-size: 14.4px;\"><a href=\"https:\/\/emojipedia.org\/grapes\/\">\ud83c\udf47<\/a><\/strong><strong style=\"font-size: 14.4px;\">Better Nutrition<\/strong><\/p>\n<\/div>\n<div id=\"comp-ldyi57t9\" class=\"KcpHeO tz5f0K comp-ldyi57t9 wixui-text\" data-testid=\"richTextElement\">\n<p class=\"font_3\">Biofera slowly releases nutrients over time, ensuring a steady supply of essential nutrients to the plants.<\/p>\n<p><strong><span class=\"emoji\">\ud83c\udf31<\/span>Chemical Free<\/strong><\/p>\n<p>Biofera leaves no chemical residues on the plants, which makes our products safer for both humans and wildlife.<\/p>\n<\/div>\n<\/div>\n\t\t\n<style>\n#text-2855146636 {\n  line-height: 1.8;\n  color: rgb(0,0,0);\n}\n#text-2855146636 > * {\n  color: rgb(0,0,0);\n}\n<\/style>\n\t<\/div>\n\t\n<a href=\"https:\/\/www.bioferaenerji.com.tr\/en\/benefits\/\" target=\"_self\" class=\"button primary\"  style=\"padding:0px 14px 0px 14px;\">\n    <span>ALL BENEFITS<\/span>\n  <\/a>\n\n\t\t<\/div>\n\t\t\t\t\n<style>\n#col-569119573 > .col-inner {\n  padding: 32px 0px 0px 0px;\n}\n<\/style>\n\t<\/div>\n\n\t\n\n\t<div id=\"col-69293622\" class=\"col medium-4 small-12 large-4\"  >\n\t\t\t\t<div class=\"col-inner\"  >\n\t\t\t\n\t\t\t\n\t<div class=\"img has-hover hide-for-small x md-x lg-x y md-y lg-y\" id=\"image_1019517816\">\n\t\t\t\t\t\t\t\t<div class=\"img-inner image-zoom dark\" style=\"margin:165px 0px 0px 0px;\">\n\t\t\t<img loading=\"lazy\" decoding=\"async\" width=\"700\" height=\"311\" src=\"https:\/\/www.bioferaenerji.com.tr\/wp-content\/uploads\/2022\/02\/Cay-Tarlalari.jpg\" class=\"attachment-medium_large size-medium_large\" alt=\"\" \/>\t\t\t\t\t\t\n\t\t\t\t\t<\/div>\n\t\t\t\t\t\t\t\t\n<style>\n#image_1019517816 {\n  width: 81%;\n}\n<\/style>\n\t<\/div>\n\t\n\t\t<\/div>\n\t\t\t\t\t<\/div>\n\n\t\n<\/div>\n<div class=\"row\"  id=\"row-510423767\">\n\n\t<div id=\"col-1070631423\" class=\"col medium-6 small-12 large-6\"  >\n\t\t\t\t<div class=\"col-inner box-shadow-2\"  >\n\t\t\t\n\t\t\t\n\t<div class=\"box has-hover   has-hover box-shadow-2 box-shadow-1-hover box-shade dark box-text-bottom\" >\n\n\t\t<div class=\"box-image\" >\n\t\t\t<a href=\"https:\/\/www.bioferaenerji.com.tr\/etkinlikler\/\"  >\t\t\t<div class=\"image-cover\" style=\"padding-top:56.25%;\">\n\t\t\t\t<img loading=\"lazy\" decoding=\"async\" width=\"1536\" height=\"2048\" src=\"https:\/\/www.bioferaenerji.com.tr\/wp-content\/uploads\/2023\/02\/WhatsApp-Image-2023-02-04-at-13.43.36-1.jpeg\" class=\"attachment-original size-original\" alt=\"\" srcset=\"https:\/\/www.bioferaenerji.com.tr\/wp-content\/uploads\/2023\/02\/WhatsApp-Image-2023-02-04-at-13.43.36-1.jpeg 1536w, https:\/\/www.bioferaenerji.com.tr\/wp-content\/uploads\/2023\/02\/WhatsApp-Image-2023-02-04-at-13.43.36-1-300x400.jpeg 300w, https:\/\/www.bioferaenerji.com.tr\/wp-content\/uploads\/2023\/02\/WhatsApp-Image-2023-02-04-at-13.43.36-1-600x800.jpeg 600w, https:\/\/www.bioferaenerji.com.tr\/wp-content\/uploads\/2023\/02\/WhatsApp-Image-2023-02-04-at-13.43.36-1-768x1024.jpeg 768w, https:\/\/www.bioferaenerji.com.tr\/wp-content\/uploads\/2023\/02\/WhatsApp-Image-2023-02-04-at-13.43.36-1-1152x1536.jpeg 1152w\" sizes=\"auto, (max-width: 1536px) 100vw, 1536px\" \/>\t\t\t\t<div class=\"overlay\" style=\"background-color:rgba(0, 0, 0, 0.5)\"><\/div>\t\t\t\t<div class=\"shade\"><\/div>\t\t\t<\/div>\n\t\t\t<\/a>\t\t<\/div>\n\n\t\t<div class=\"box-text text-center\" >\n\t\t\t<div class=\"box-text-inner\">\n\t\t\t\t\n<h3>EVENTS<\/h3>\n<p>B\u0130OFERA<\/p>\n\t\t\t<\/div>\n\t\t<\/div>\n\t<\/div>\n\t\n\t\t<\/div>\n\t\t\t\t\n<style>\n#col-1070631423 > .col-inner {\n  margin: 30px 0px 0px 0px;\n  border-radius: 5px;\n}\n<\/style>\n\t<\/div>\n\n\t\n\n\t<div id=\"col-1761721927\" class=\"col medium-6 small-12 large-6\"  >\n\t\t\t\t<div class=\"col-inner box-shadow-2\"  >\n\t\t\t\n\t\t\t\n\t<div class=\"box has-hover  hide-for-small has-hover box-shadow-2 box-shadow-1-hover box-shade dark box-text-bottom\" >\n\n\t\t<div class=\"box-image\" >\n\t\t\t<a href=\"https:\/\/www.bioferaenerji.com.tr\/category\/genel-bilgiler\/\"  >\t\t\t<div class=\"image-cover\" style=\"padding-top:56.25%;\">\n\t\t\t\t<img loading=\"lazy\" decoding=\"async\" width=\"393\" height=\"221\" src=\"https:\/\/www.bioferaenerji.com.tr\/wp-content\/uploads\/2022\/02\/B2.jpg\" class=\"attachment-original size-original\" alt=\"\" \/>\t\t\t\t<div class=\"overlay\" style=\"background-color:rgba(0, 0, 0, 0.5)\"><\/div>\t\t\t\t<div class=\"shade\"><\/div>\t\t\t<\/div>\n\t\t\t<\/a>\t\t<\/div>\n\n\t\t<div class=\"box-text text-center\" >\n\t\t\t<div class=\"box-text-inner\">\n\t\t\t\t\n<h3>BIO LIBRARY<\/h3>\n<p>B\u0130OFERA<\/p>\n\t\t\t<\/div>\n\t\t<\/div>\n\t<\/div>\n\t\n\t\t<\/div>\n\t\t\t\t\n<style>\n#col-1761721927 > .col-inner {\n  margin: 30px 0px 0px 0px;\n  border-radius: 5px;\n}\n<\/style>\n\t<\/div>\n\n\t\n\n<style>\n#row-510423767 > .col > .col-inner {\n  padding: 0px 0px 0px 0px;\n}\n<\/style>\n<\/div>\n\t\t<\/div>\n\n\t\t\n<style>\n#section_155669176 {\n  padding-top: 0px;\n  padding-bottom: 0px;\n}\n#section_155669176 .ux-shape-divider--top svg {\n  height: 150px;\n  --divider-top-width: 100%;\n}\n#section_155669176 .ux-shape-divider--bottom svg {\n  height: 150px;\n  --divider-width: 100%;\n}\n@media (min-width:550px) {\n  #section_155669176 {\n    padding-top: 30px;\n    padding-bottom: 30px;\n  }\n}\n<\/style>\n\t<\/section>\n\t\n\t<section class=\"section\" id=\"section_1755935036\">\n\t\t<div class=\"bg section-bg fill bg-fill  bg-loaded\" >\n\n\t\t\t\n\t\t\t\n\t\t\t\n\n\t\t<\/div>\n\n\t\t\n\n\t\t<div class=\"section-content relative\">\n\t\t\t\n<div class=\"row\"  id=\"row-744926693\">\n\n\t<div id=\"col-1452690201\" class=\"col small-12 large-12\"  >\n\t\t\t\t<div class=\"col-inner\"  >\n\t\t\t\n\t\t\t\n<div class=\"container section-title-container\" ><h3 class=\"section-title section-title-center\"><b><\/b><span class=\"section-title-main\" style=\"font-size:128%;\">100% Organic fertilizers<\/span><b><\/b><\/h3><\/div>\n\t\t<\/div>\n\t\t\t\t\t<\/div>\n\n\t\n<\/div>\n<div class=\"row\"  id=\"row-359166867\">\n\n\t<div id=\"col-281556894\" class=\"col medium-6 small-12 large-6\"  >\n\t\t\t\t<div class=\"col-inner\"  >\n\t\t\t\n\t\t\t\n\t<div id=\"text-101840582\" class=\"text baslik\">\n\t\t\n<h3>BIOFERA POWDER SOLID FARM FERTILIZER<\/p>\n\t\t\n<style>\n#text-101840582 {\n  font-size: 1.65rem;\n  line-height: 0.75;\n}\n<\/style>\n\t<\/div>\n\t\n\t<div class=\"img has-hover x md-x lg-x y md-y lg-y\" id=\"image_1412763131\">\n\t\t<a class=\"\" href=\"https:\/\/www.bioferaenerji.com.tr\/urunlerimiz\/\"  >\t\t\t\t\t\t<div class=\"img-inner box-shadow-2 box-shadow-1-hover dark\" >\n\t\t\t<img loading=\"lazy\" decoding=\"async\" width=\"605\" height=\"405\" src=\"https:\/\/www.bioferaenerji.com.tr\/wp-content\/uploads\/2024\/01\/Biofera-Toz-Organik-Gubre-2-4-1.png\" class=\"attachment-large size-large\" alt=\"\" srcset=\"https:\/\/www.bioferaenerji.com.tr\/wp-content\/uploads\/2024\/01\/Biofera-Toz-Organik-Gubre-2-4-1.png 605w, https:\/\/www.bioferaenerji.com.tr\/wp-content\/uploads\/2024\/01\/Biofera-Toz-Organik-Gubre-2-4-1-598x400.png 598w\" sizes=\"auto, (max-width: 605px) 100vw, 605px\" \/>\t\t\t\t\t\t\n\t\t\t\t\t<\/div>\n\t\t\t\t\t\t<\/a>\t\t\n<style>\n#image_1412763131 {\n  width: 100%;\n}\n<\/style>\n\t<\/div>\n\t\n\t\t<\/div>\n\t\t\t\t\t<\/div>\n\n\t\n\n\t<div id=\"col-1914141805\" class=\"col medium-6 small-12 large-6\"  >\n\t\t\t\t<div class=\"col-inner\"  >\n\t\t\t\n\t\t\t\n\t<div id=\"text-1298730350\" class=\"text baslik\">\n\t\t\n<h3>BIOFERA PELLET SOLID FARM FERTILIZER<\/h3>\n\t\t\n<style>\n#text-1298730350 {\n  font-size: 1.65rem;\n  line-height: 0.75;\n}\n<\/style>\n\t<\/div>\n\t\n\t<div class=\"img has-hover x md-x lg-x y md-y lg-y\" id=\"image_1899230001\">\n\t\t<a class=\"\" href=\"https:\/\/www.bioferaenerji.com.tr\/urunlerimiz\/\"  >\t\t\t\t\t\t<div class=\"img-inner box-shadow-2 box-shadow-1-hover dark\" >\n\t\t\t<img loading=\"lazy\" decoding=\"async\" width=\"605\" height=\"405\" src=\"https:\/\/www.bioferaenerji.com.tr\/wp-content\/uploads\/2024\/01\/Biofera-Pelet-Organik-Gubre-3-2.png\" class=\"attachment-large size-large\" alt=\"\" srcset=\"https:\/\/www.bioferaenerji.com.tr\/wp-content\/uploads\/2024\/01\/Biofera-Pelet-Organik-Gubre-3-2.png 605w, https:\/\/www.bioferaenerji.com.tr\/wp-content\/uploads\/2024\/01\/Biofera-Pelet-Organik-Gubre-3-2-598x400.png 598w\" sizes=\"auto, (max-width: 605px) 100vw, 605px\" \/>\t\t\t\t\t\t\n\t\t\t\t\t<\/div>\n\t\t\t\t\t\t<\/a>\t\t\n<style>\n#image_1899230001 {\n  width: 100%;\n}\n<\/style>\n\t<\/div>\n\t\n\t\t<\/div>\n\t\t\t\t\t<\/div>\n\n\t\n<\/div>\n\t<div id=\"gap-543587430\" class=\"gap-element clearfix\" style=\"display:block; height:auto;\">\n\t\t\n<style>\n#gap-543587430 {\n  padding-top: 60px;\n}\n<\/style>\n\t<\/div>\n\t\n\t\t<\/div>\n\n\t\t\n<style>\n#section_1755935036 {\n  padding-top: 30px;\n  padding-bottom: 30px;\n}\n#section_1755935036 .ux-shape-divider--top svg {\n  height: 150px;\n  --divider-top-width: 100%;\n}\n#section_1755935036 .ux-shape-divider--bottom svg {\n  height: 150px;\n  --divider-width: 100%;\n}\n<\/style>\n\t<\/section>\n\t\n\t<section class=\"section\" id=\"section_1628824251\">\n\t\t<div class=\"bg section-bg fill bg-fill  bg-loaded\" >\n\n\t\t\t\n\t\t\t\n\t\t\t\n\n\t\t<\/div>\n\n\t\t\n\n\t\t<div class=\"section-content relative\">\n\t\t\t\n<div class=\"row row-collapse align-center\"  id=\"row-1814840649\">\n\n\t<div id=\"col-830023115\" class=\"col medium-4 small-12 large-4\"  >\n\t\t\t\t<div class=\"col-inner\"  >\n\t\t\t\n\t\t\t\n\t\t<\/div>\n\t\t\t\t\t<\/div>\n\n\t\n\n\t<div id=\"col-380485339\" class=\"col medium-11 small-11 large-12\"  >\n\t\t\t\t<div class=\"col-inner box-shadow-2\" style=\"background-color:rgb(255,255,255);\" >\n\t\t\t\n\t\t\t\n<div class=\"row row-collapse row-solid\"  id=\"row-1673076932\">\n\n\t<div id=\"col-1565620422\" class=\"col custom-footer-cta-border-left medium-12 small-12 large-4\"  >\n\t\t\t\t<div class=\"col-inner text-left\"  >\n\t\t\t\n\t\t\t\n\n\t\t<div class=\"icon-box featured-box icon-box-left text-left\"  >\n\t\t\t\t\t<div class=\"icon-box-img\" style=\"width: 60px\">\n\t\t\t\t<div class=\"icon\">\n\t\t\t\t\t<div class=\"icon-inner\" >\n\t\t\t\t\t\t<img loading=\"lazy\" decoding=\"async\" width=\"240\" height=\"240\" src=\"https:\/\/www.bioferaenerji.com.tr\/wp-content\/uploads\/2022\/02\/whatsapp-line-1.png\" class=\"attachment-medium size-medium\" alt=\"\" \/>\t\t\t\t\t<\/div>\n\t\t\t\t<\/div>\n\t\t\t<\/div>\n\t\t\t\t<div class=\"icon-box-text last-reset\">\n\t\t\t\t\t\t\t\t\t\n<h3>TRABZON HEADQUARTERS<\/h3>\n<p><strong>Sales and Marketing Manager- Volkan ERDEN<\/strong><br \/><strong>Mail:<\/strong> <a href=\"mailto:volkan@bioferaenerji.com.tr\">volkan@bioferaenerji.com.tr<\/a><\/p>\n<p>Kemerkaya Mah. Gazipa\u015fa Cad. Saruhan \u0130\u015fmerk. Kat:5 D:36 Ortahisar \/ Trabzon<\/p>\n<a href=\"tel:+905335646561\" target=\"_self\" class=\"button primary\"  style=\"border-radius:5px;\">\n    <span>0533 564 65 61<\/span>\n  <\/a>\n\n\t\t<\/div>\n\t<\/div>\n\t\n\t\n\t\t<\/div>\n\t\t\t\t\n<style>\n#col-1565620422 > .col-inner {\n  padding: 40px 40px 40px 40px;\n}\n<\/style>\n\t<\/div>\n\n\t\n\n\t<div id=\"col-994214819\" class=\"col custom-footer-cta-border-right medium-12 small-12 large-4\"  >\n\t\t\t\t<div class=\"col-inner text-left\"  >\n\t\t\t\n\t\t\t\n\n\t\t<div class=\"icon-box featured-box icon-box-left text-left\"  >\n\t\t\t\t\t<div class=\"icon-box-img\" style=\"width: 60px\">\n\t\t\t\t<div class=\"icon\">\n\t\t\t\t\t<div class=\"icon-inner\" >\n\t\t\t\t\t\t<img loading=\"lazy\" decoding=\"async\" width=\"240\" height=\"240\" src=\"https:\/\/www.bioferaenerji.com.tr\/wp-content\/uploads\/2022\/02\/whatsapp-line-1.png\" class=\"attachment-medium size-medium\" alt=\"\" \/>\t\t\t\t\t<\/div>\n\t\t\t\t<\/div>\n\t\t\t<\/div>\n\t\t\t\t<div class=\"icon-box-text last-reset\">\n\t\t\t\t\t\t\t\t\t\n<h3>SAMSUN FACTORY<\/h3>\n<p><strong>Factory Manager &#8211; Sel\u00e7uk HAMZA\u00c7EB\u0130 <\/strong><strong>Mail:<\/strong> <a href=\"mailto:selcuk@bioferaenerji.com.tr\">selcuk@bioferaenerji.com.tr<\/a><\/p>\n<p>Mahmutlu Mahallesi Merkez Sokak 139\/1 Kavak\/Samsun<\/p>\n<a href=\"tel:+905336111977\" target=\"_self\" class=\"button primary\"  style=\"border-radius:5px;\">\n  <i class=\"icon-phone\" aria-hidden=\"true\" ><\/i>  <span>0533 611 19 77<\/span>\n  <\/a>\n\n\t\t<\/div>\n\t<\/div>\n\t\n\t\n\t\t<\/div>\n\t\t\t\t\n<style>\n#col-994214819 > .col-inner {\n  padding: 40px 40px 40px 40px;\n}\n<\/style>\n\t<\/div>\n\n\t\n\n\t<div id=\"col-596641527\" class=\"col custom-footer-cta-border-right medium-12 small-12 large-4\"  >\n\t\t\t\t<div class=\"col-inner text-left\"  >\n\t\t\t\n\t\t\t\n\n\t\t<div class=\"icon-box featured-box icon-box-left text-left\"  >\n\t\t\t\t\t<div class=\"icon-box-img\" style=\"width: 60px\">\n\t\t\t\t<div class=\"icon\">\n\t\t\t\t\t<div class=\"icon-inner\" >\n\t\t\t\t\t\t<img loading=\"lazy\" decoding=\"async\" width=\"240\" height=\"240\" src=\"https:\/\/www.bioferaenerji.com.tr\/wp-content\/uploads\/2022\/02\/whatsapp-line-1.png\" class=\"attachment-medium size-medium\" alt=\"\" \/>\t\t\t\t\t<\/div>\n\t\t\t\t<\/div>\n\t\t\t<\/div>\n\t\t\t\t<div class=\"icon-box-text last-reset\">\n\t\t\t\t\t\t\t\t\t\n<p><strong>International Sales and Marketing Director &#8211; Utku BAYRAM <\/strong><strong>Mail:<\/strong> <a href=\"mailto:baris@bioferaenerji.com.tr\">utku@bioferaenerji.com.tr<\/a><\/p>\n<p>Kemerkaya Mah. Gazipa\u015fa Cad. Saruhan \u0130\u015fmerk. Kat:5 D:36 Ortahisar \/ Trabzon<\/p>\n<a href=\"tel:+905370374861\" target=\"_self\" class=\"button primary\"  style=\"border-radius:5px;\">\n  <i class=\"icon-phone\" aria-hidden=\"true\" ><\/i>  <span>0537 037 4861<\/span>\n  <\/a>\n\n\t\t<\/div>\n\t<\/div>\n\t\n\t\n\t\t<\/div>\n\t\t\t\t\n<style>\n#col-596641527 > .col-inner {\n  padding: 40px 40px 40px 40px;\n}\n<\/style>\n\t<\/div>\n\n\t\n<\/div>\n\t\t<\/div>\n\t\t\t\t\n<style>\n#col-380485339 > .col-inner {\n  margin: -60px 0px 0px 0px;\n  border-radius: 10px;\n}\n<\/style>\n\t<\/div>\n\n\t\n<\/div>\n<div class=\"row\"  id=\"row-770783539\">\n\n\t<div id=\"col-1942098177\" class=\"col small-12 large-12\"  >\n\t\t\t\t<div class=\"col-inner dark\"  >\n\t\t\t\n\t\t\t\n<div class=\"row row-collapse align-middle\"  id=\"row-158843630\">\n\n\t<div id=\"col-968314151\" class=\"col medium-6 small-6 large-3\"  >\n\t\t\t\t<div class=\"col-inner\"  >\n\t\t\t\n\t\t\t\n<p>\u00a9 Biofera Enerji<\/p>\n\t\t<\/div>\n\t\t\t\t\t<\/div>\n\n\t\n\n\t<div id=\"col-1761754558\" class=\"col medium-12 small-12 large-6 medium-col-first\"  >\n\t\t\t\t<div class=\"col-inner text-center\"  >\n\t\t\t\n\t\t\t\n<a href=\"https:\/\/www.bioferaenerji.com.tr\/kurumsal\/\" target=\"_self\" class=\"button white is-link is-small\"  >\n    <span>Kurumsal<\/span>\n  <\/a>\n\n<a href=\"https:\/\/www.bioferaenerji.com.tr\/urunlerimiz\/\" target=\"_self\" class=\"button white is-link is-small\"  >\n    <span>\u00dcr\u00fcnlerimiz<\/span>\n  <\/a>\n\n<a href=\"https:\/\/www.bioferaenerji.com.tr\/category\/ihaleler\/\" target=\"_self\" class=\"button white is-link is-small\"  >\n    <span>\u0130haleler<\/span>\n  <\/a>\n\n<a href=\"https:\/\/www.bioferaenerji.com.tr\/iletisim\/\" target=\"_self\" class=\"button white is-link is-small\"  >\n    <span>\u0130leti\u015fim<\/span>\n  <\/a>\n\n\t\t<\/div>\n\t\t\t\t\t<\/div>\n\n\t\n\n\t<div id=\"col-741989320\" class=\"col medium-6 small-6 large-3\"  >\n\t\t\t\t<div class=\"col-inner\"  >\n\t\t\t\n\t\t\t\n<div class=\"social-icons follow-icons full-width text-right\" style=\"font-size:110%\"><a href=\"https:\/\/www.instagram.com\/bioferaorganikgubre\/\" target=\"_blank\" rel=\"noopener noreferrer nofollow\" data-label=\"Instagram\" class=\"  instagram tooltip\" title=\"Follow on Instagram\" aria-label=\"Follow on Instagram\"><i class=\"icon-instagram\" ><\/i><\/a><a href=\"#\" target=\"_blank\" rel=\"noopener noreferrer nofollow\" data-label=\"LinkedIn\" class=\"  linkedin tooltip\" title=\"Follow on LinkedIn\" aria-label=\"Follow on LinkedIn\"><i class=\"icon-linkedin\" ><\/i><\/a><\/div>\n\t\t<\/div>\n\t\t\t\t\t<\/div>\n\n\t\n<\/div>\n\t\t<\/div>\n\t\t\t\t\n<style>\n#col-1942098177 > .col-inner {\n  padding: 30px 0px 0px 0px;\n}\n<\/style>\n\t<\/div>\n\n\t\n<\/div>\n\t\t<\/div>\n\n\t\t\n<style>\n#section_1628824251 {\n  padding-top: 30px;\n  padding-bottom: 30px;\n  background-color: rgb(23, 15, 10);\n}\n#section_1628824251 .ux-shape-divider--top svg {\n  height: 150px;\n  --divider-top-width: 100%;\n}\n#section_1628824251 .ux-shape-divider--bottom svg {\n  height: 150px;\n  --divider-width: 100%;\n}\n<\/style>\n\t<\/section>\n\t\n","protected":false},"excerpt":{"rendered":"","protected":false},"author":1,"featured_media":0,"parent":0,"menu_order":0,"comment_status":"closed","ping_status":"closed","template":"page-blank.php","meta":{"om_disable_all_campaigns":false,"_monsterinsights_skip_tracking":false,"_monsterinsights_sitenote_active":false,"_monsterinsights_sitenote_note":"","_monsterinsights_sitenote_category":0,"footnotes":""},"class_list":["post-878","page","type-page","status-publish","hentry"],"aioseo_notices":[],"_links":{"self":[{"href":"https:\/\/www.bioferaenerji.com.tr\/en\/wp-json\/wp\/v2\/pages\/878","targetHints":{"allow":["GET"]}}],"collection":[{"href":"https:\/\/www.bioferaenerji.com.tr\/en\/wp-json\/wp\/v2\/pages"}],"about":[{"href":"https:\/\/www.bioferaenerji.com.tr\/en\/wp-json\/wp\/v2\/types\/page"}],"author":[{"embeddable":true,"href":"https:\/\/www.bioferaenerji.com.tr\/en\/wp-json\/wp\/v2\/users\/1"}],"replies":[{"embeddable":true,"href":"https:\/\/www.bioferaenerji.com.tr\/en\/wp-json\/wp\/v2\/comments?post=878"}],"version-history":[{"count":52,"href":"https:\/\/www.bioferaenerji.com.tr\/en\/wp-json\/wp\/v2\/pages\/878\/revisions"}],"predecessor-version":[{"id":2227,"href":"https:\/\/www.bioferaenerji.com.tr\/en\/wp-json\/wp\/v2\/pages\/878\/revisions\/2227"}],"wp:attachment":[{"href":"https:\/\/www.bioferaenerji.com.tr\/en\/wp-json\/wp\/v2\/media?parent=878"}],"curies":[{"name":"wp","href":"https:\/\/api.w.org\/{rel}","templated":true}]}}