{"id":928,"date":"2022-07-05T15:13:57","date_gmt":"2022-07-05T12:13:57","guid":{"rendered":"https:\/\/www.bioferaenerji.com.tr\/galeri\/"},"modified":"2024-01-09T10:08:31","modified_gmt":"2024-01-09T07:08:31","slug":"events","status":"publish","type":"page","link":"https:\/\/www.bioferaenerji.com.tr\/en\/events\/","title":{"rendered":"Events"},"content":{"rendered":"\t<div id=\"text-3916894215\" class=\"text\">\n\t\t\n<h3><span data-text-color=\"primary\">AgroExpo 2023 \u0130zmir<\/span><\/h3>\n<div>We were honored to host our visitors at the Izmir Agriculture Fair between 1-5 February.<\/div>\n<div>\u00a0<\/div>\n<div>We would like to thank our visitors for their interest.<\/div>\n\t\t\n<style>\n#text-3916894215 {\n  text-align: center;\n}\n<\/style>\n\t<\/div>\n\t\n\t<section class=\"section\" id=\"section_1396254803\">\n\t\t<div class=\"bg section-bg fill bg-fill  bg-loaded\" >\n\n\t\t\t\n\t\t\t\n\t\t\t\n\n\t\t<\/div>\n\n\t\t\n\n\t\t<div class=\"section-content relative\">\n\t\t\t\n<div class=\"row row-collapse\"  id=\"row-830917383\">\n\n\t<div id=\"col-448659106\" class=\"col small-12 large-12\"  >\n\t\t\t\t<div class=\"col-inner\"  >\n\t\t\t\n\t\t\t\n<div class=\"slider-wrapper relative\" id=\"slider-1254504139\" >\n    <div class=\"slider slider-nav-circle slider-nav-large slider-nav-light slider-style-normal\"\n        data-flickity-options='{\n            \"cellAlign\": \"center\",\n            \"imagesLoaded\": true,\n            \"lazyLoad\": 1,\n            \"freeScroll\": false,\n            \"wrapAround\": true,\n            \"autoPlay\": 6000,\n            \"pauseAutoPlayOnHover\" : true,\n            \"prevNextButtons\": true,\n            \"contain\" : true,\n            \"adaptiveHeight\" : true,\n            \"dragThreshold\" : 10,\n            \"percentPosition\": true,\n            \"pageDots\": true,\n            \"rightToLeft\": false,\n            \"draggable\": true,\n            \"selectedAttraction\": 0.1,\n            \"parallax\" : 0,\n            \"friction\": 0.6        }'\n        >\n        \n<div class=\"row\"  id=\"row-1994990367\">\n\n\t<div id=\"col-939671090\" class=\"col medium-4 small-12 large-4\"  >\n\t\t\t\t<div class=\"col-inner\"  >\n\t\t\t\n\t\t\t\n\t<div class=\"img has-hover x md-x lg-x y md-y lg-y\" id=\"image_143848250\">\n\t\t<a class=\"image-lightbox lightbox-gallery\" title=\"\" href=\"https:\/\/www.bioferaenerji.com.tr\/wp-content\/uploads\/2023\/02\/IMG_7967.jpeg\">\t\t\t\t\t\t<div class=\"img-inner dark\" >\n\t\t\t<img loading=\"lazy\" decoding=\"async\" width=\"600\" height=\"800\" src=\"https:\/\/www.bioferaenerji.com.tr\/wp-content\/uploads\/2023\/02\/IMG_7967-600x800.jpeg\" class=\"attachment-large size-large\" alt=\"\" srcset=\"https:\/\/www.bioferaenerji.com.tr\/wp-content\/uploads\/2023\/02\/IMG_7967-600x800.jpeg 600w, https:\/\/www.bioferaenerji.com.tr\/wp-content\/uploads\/2023\/02\/IMG_7967-300x400.jpeg 300w, https:\/\/www.bioferaenerji.com.tr\/wp-content\/uploads\/2023\/02\/IMG_7967-768x1024.jpeg 768w, https:\/\/www.bioferaenerji.com.tr\/wp-content\/uploads\/2023\/02\/IMG_7967-1152x1536.jpeg 1152w, https:\/\/www.bioferaenerji.com.tr\/wp-content\/uploads\/2023\/02\/IMG_7967.jpeg 1536w\" sizes=\"auto, (max-width: 600px) 100vw, 600px\" \/>\t\t\t\t\t\t\n\t\t\t\t\t<\/div>\n\t\t\t\t\t\t<\/a>\t\t\n<style>\n#image_143848250 {\n  width: 100%;\n}\n<\/style>\n\t<\/div>\n\t\n<h2><span data-text-color=\"primary\">Our Team<\/span><\/h2>\n\t\t<\/div>\n\t\t\t\t\t<\/div>\n\n\t\n\n\t<div id=\"col-1638741605\" class=\"col medium-4 small-12 large-4\"  >\n\t\t\t\t<div class=\"col-inner\"  >\n\t\t\t\n\t\t\t\n\t<div class=\"img has-hover x md-x lg-x y md-y lg-y\" id=\"image_1534287265\">\n\t\t<a class=\"image-lightbox lightbox-gallery\" title=\"\" href=\"https:\/\/www.bioferaenerji.com.tr\/wp-content\/uploads\/2023\/02\/WhatsApp-Image-2023-02-04-at-11.09.48-1.jpeg\">\t\t\t\t\t\t<div class=\"img-inner dark\" >\n\t\t\t<img loading=\"lazy\" decoding=\"async\" width=\"600\" height=\"800\" src=\"https:\/\/www.bioferaenerji.com.tr\/wp-content\/uploads\/2023\/02\/WhatsApp-Image-2023-02-04-at-11.09.48-1-600x800.jpeg\" class=\"attachment-large size-large\" alt=\"\" srcset=\"https:\/\/www.bioferaenerji.com.tr\/wp-content\/uploads\/2023\/02\/WhatsApp-Image-2023-02-04-at-11.09.48-1-600x800.jpeg 600w, https:\/\/www.bioferaenerji.com.tr\/wp-content\/uploads\/2023\/02\/WhatsApp-Image-2023-02-04-at-11.09.48-1-300x400.jpeg 300w, https:\/\/www.bioferaenerji.com.tr\/wp-content\/uploads\/2023\/02\/WhatsApp-Image-2023-02-04-at-11.09.48-1.jpeg 768w\" sizes=\"auto, (max-width: 600px) 100vw, 600px\" \/>\t\t\t\t\t\t\n\t\t\t\t\t<\/div>\n\t\t\t\t\t\t<\/a>\t\t\n<style>\n#image_1534287265 {\n  width: 100%;\n}\n<\/style>\n\t<\/div>\n\t\n<h2><span data-text-color=\"primary\">Our Stand Meetings<\/span><\/h2>\n\t\t<\/div>\n\t\t\t\t\t<\/div>\n\n\t\n\n\t<div id=\"col-444425177\" class=\"col medium-4 small-12 large-4\"  >\n\t\t\t\t<div class=\"col-inner\"  >\n\t\t\t\n\t\t\t\n\t<div class=\"img has-hover x md-x lg-x y md-y lg-y\" id=\"image_823452343\">\n\t\t<a class=\"image-lightbox lightbox-gallery\" title=\"\" href=\"https:\/\/www.bioferaenerji.com.tr\/wp-content\/uploads\/2023\/02\/WhatsApp-Image-2023-02-04-at-11.09.48.jpeg\">\t\t\t\t\t\t<div class=\"img-inner dark\" >\n\t\t\t<img loading=\"lazy\" decoding=\"async\" width=\"600\" height=\"800\" src=\"https:\/\/www.bioferaenerji.com.tr\/wp-content\/uploads\/2023\/02\/WhatsApp-Image-2023-02-04-at-11.09.48-600x800.jpeg\" class=\"attachment-large size-large\" alt=\"\" srcset=\"https:\/\/www.bioferaenerji.com.tr\/wp-content\/uploads\/2023\/02\/WhatsApp-Image-2023-02-04-at-11.09.48-600x800.jpeg 600w, https:\/\/www.bioferaenerji.com.tr\/wp-content\/uploads\/2023\/02\/WhatsApp-Image-2023-02-04-at-11.09.48-300x400.jpeg 300w, https:\/\/www.bioferaenerji.com.tr\/wp-content\/uploads\/2023\/02\/WhatsApp-Image-2023-02-04-at-11.09.48.jpeg 768w\" sizes=\"auto, (max-width: 600px) 100vw, 600px\" \/>\t\t\t\t\t\t\n\t\t\t\t\t<\/div>\n\t\t\t\t\t\t<\/a>\t\t\n<style>\n#image_823452343 {\n  width: 100%;\n}\n<\/style>\n\t<\/div>\n\t\n<h2><span data-text-color=\"primary\">B2B Meetings<\/span><\/h2>\n\t\t<\/div>\n\t\t\t\t\t<\/div>\n\n\t\n<\/div>\n     <\/div>\n\n     <div class=\"loading-spin dark large centered\"><\/div>\n\n     \t<\/div>\n\n\n\t<div id=\"text-3621355684\" class=\"text\">\n\t\t\n<h3><span data-text-color=\"primary\">Growtech Antalya 2023<\/span><\/h3>\n<div>We introduced our products to our visitors at the Antalya Growtech Agriculture Fair between November 22-25.<\/div>\n<div>\u00a0<\/div>\n<div>We would like to thank our visitors for their intense interest.<\/div>\n\t\t\n<style>\n#text-3621355684 {\n  text-align: center;\n}\n<\/style>\n\t<\/div>\n\t\n  <div class=\"banner-grid-wrapper\">\n  <div id=\"banner-grid-52302275\" class=\"banner-grid row row-grid row-small\" data-packery-options=\"\">\n                      \n<div class=\"col grid-col large-6 grid-col-1\" ><div class=\"col-inner\">\n\t<div class=\"img has-hover x md-x lg-x y md-y lg-y\" id=\"image_82275681\">\n\t\t<a class=\"image-lightbox lightbox-gallery\" title=\"\" href=\"https:\/\/www.bioferaenerji.com.tr\/wp-content\/uploads\/2023\/12\/DSC_0167-1-1200x800.jpg\">\t\t\t\t\t\t<div class=\"img-inner dark\" >\n\t\t\t<img loading=\"lazy\" decoding=\"async\" width=\"1020\" height=\"680\" src=\"https:\/\/www.bioferaenerji.com.tr\/wp-content\/uploads\/2023\/12\/DSC_0167-1-1200x800.jpg\" class=\"attachment-large size-large\" alt=\"\" srcset=\"https:\/\/www.bioferaenerji.com.tr\/wp-content\/uploads\/2023\/12\/DSC_0167-1-1200x800.jpg 1200w, https:\/\/www.bioferaenerji.com.tr\/wp-content\/uploads\/2023\/12\/DSC_0167-1-600x400.jpg 600w, https:\/\/www.bioferaenerji.com.tr\/wp-content\/uploads\/2023\/12\/DSC_0167-1-768x512.jpg 768w, https:\/\/www.bioferaenerji.com.tr\/wp-content\/uploads\/2023\/12\/DSC_0167-1-1536x1024.jpg 1536w, https:\/\/www.bioferaenerji.com.tr\/wp-content\/uploads\/2023\/12\/DSC_0167-1-2048x1365.jpg 2048w\" sizes=\"auto, (max-width: 1020px) 100vw, 1020px\" \/>\t\t\t\t\t\t\n\t\t\t\t\t<\/div>\n\t\t\t\t\t\t<\/a>\t\t\n<style>\n#image_82275681 {\n  width: 100%;\n}\n<\/style>\n\t<\/div>\n\t\n<\/div><\/div>\n<div class=\"col grid-col large-3 grid-col-1\" ><div class=\"col-inner\">\n\t<div class=\"img has-hover x md-x lg-x y md-y lg-y\" id=\"image_1367388007\">\n\t\t<a class=\"image-lightbox lightbox-gallery\" title=\"\" href=\"https:\/\/www.bioferaenerji.com.tr\/wp-content\/uploads\/2023\/12\/WhatsApp-Image-2023-12-18-at-13.01.20-450x800.jpeg\">\t\t\t\t\t\t<div class=\"img-inner dark\" >\n\t\t\t<img loading=\"lazy\" decoding=\"async\" width=\"450\" height=\"800\" src=\"https:\/\/www.bioferaenerji.com.tr\/wp-content\/uploads\/2023\/12\/WhatsApp-Image-2023-12-18-at-13.01.20-450x800.jpeg\" class=\"attachment-large size-large\" alt=\"\" srcset=\"https:\/\/www.bioferaenerji.com.tr\/wp-content\/uploads\/2023\/12\/WhatsApp-Image-2023-12-18-at-13.01.20-450x800.jpeg 450w, https:\/\/www.bioferaenerji.com.tr\/wp-content\/uploads\/2023\/12\/WhatsApp-Image-2023-12-18-at-13.01.20-225x400.jpeg 225w, https:\/\/www.bioferaenerji.com.tr\/wp-content\/uploads\/2023\/12\/WhatsApp-Image-2023-12-18-at-13.01.20.jpeg 576w\" sizes=\"auto, (max-width: 450px) 100vw, 450px\" \/>\t\t\t\t\t\t\n\t\t\t\t\t<\/div>\n\t\t\t\t\t\t<\/a>\t\t\n<style>\n#image_1367388007 {\n  width: 100%;\n}\n<\/style>\n\t<\/div>\n\t\n<\/div><\/div>\n<div class=\"col grid-col large-3 grid-col-1-2\" ><div class=\"col-inner\">\n\t<div class=\"img has-hover x md-x lg-x y md-y lg-y\" id=\"image_1366887198\">\n\t\t<a class=\"image-lightbox lightbox-gallery\" title=\"\" href=\"https:\/\/www.bioferaenerji.com.tr\/wp-content\/uploads\/2023\/12\/WhatsApp-Image-2023-12-18-at-12.54.31-600x800.jpeg\">\t\t\t\t\t\t<div class=\"img-inner dark\" >\n\t\t\t<img loading=\"lazy\" decoding=\"async\" width=\"600\" height=\"800\" src=\"https:\/\/www.bioferaenerji.com.tr\/wp-content\/uploads\/2023\/12\/WhatsApp-Image-2023-12-18-at-12.54.31-600x800.jpeg\" class=\"attachment-large size-large\" alt=\"\" srcset=\"https:\/\/www.bioferaenerji.com.tr\/wp-content\/uploads\/2023\/12\/WhatsApp-Image-2023-12-18-at-12.54.31-600x800.jpeg 600w, https:\/\/www.bioferaenerji.com.tr\/wp-content\/uploads\/2023\/12\/WhatsApp-Image-2023-12-18-at-12.54.31-300x400.jpeg 300w, https:\/\/www.bioferaenerji.com.tr\/wp-content\/uploads\/2023\/12\/WhatsApp-Image-2023-12-18-at-12.54.31.jpeg 768w\" sizes=\"auto, (max-width: 600px) 100vw, 600px\" \/>\t\t\t\t\t\t\n\t\t\t\t\t<\/div>\n\t\t\t\t\t\t<\/a>\t\t\n<style>\n#image_1366887198 {\n  width: 100%;\n}\n<\/style>\n\t<\/div>\n\t\n<\/div><\/div>\n<div class=\"col grid-col large-3 grid-col-1-2\" ><div class=\"col-inner\">\n\t<div class=\"img has-hover x md-x lg-x y md-y lg-y\" id=\"image_764260890\">\n\t\t<a class=\"image-lightbox lightbox-gallery\" title=\"\" href=\"https:\/\/www.bioferaenerji.com.tr\/wp-content\/uploads\/2023\/12\/WhatsApp-Image-2023-12-23-at-11.53.16-600x800.jpeg\">\t\t\t\t\t\t<div class=\"img-inner dark\" >\n\t\t\t<img loading=\"lazy\" decoding=\"async\" width=\"600\" height=\"800\" src=\"https:\/\/www.bioferaenerji.com.tr\/wp-content\/uploads\/2023\/12\/WhatsApp-Image-2023-12-23-at-11.53.16-600x800.jpeg\" class=\"attachment-large size-large\" alt=\"\" srcset=\"https:\/\/www.bioferaenerji.com.tr\/wp-content\/uploads\/2023\/12\/WhatsApp-Image-2023-12-23-at-11.53.16-600x800.jpeg 600w, https:\/\/www.bioferaenerji.com.tr\/wp-content\/uploads\/2023\/12\/WhatsApp-Image-2023-12-23-at-11.53.16-300x400.jpeg 300w, https:\/\/www.bioferaenerji.com.tr\/wp-content\/uploads\/2023\/12\/WhatsApp-Image-2023-12-23-at-11.53.16.jpeg 768w\" sizes=\"auto, (max-width: 600px) 100vw, 600px\" \/>\t\t\t\t\t\t\n\t\t\t\t\t<\/div>\n\t\t\t\t\t\t<\/a>\t\t\n<style>\n#image_764260890 {\n  width: 100%;\n}\n<\/style>\n\t<\/div>\n\t\n<\/div><\/div>\n            <\/div>\n    <style>\n    #banner-grid-52302275 .grid-col-1{height: 600px}\n    #banner-grid-52302275 .grid-col-1-2{height: 300px}\n    #banner-grid-52302275 .grid-col-1-3{height:200px}\n    #banner-grid-52302275 .grid-col-2-3{height: 400px}\n    #banner-grid-52302275 .grid-col-1-4{height: 150px}\n    #banner-grid-52302275 .grid-col-3-4{height: 450px}\n\n\n    \n    \n\n  <\/style>\n    <\/div>\n  \n\t<div id=\"text-3017425917\" class=\"text\">\n\t\t\n<h3><span data-text-color=\"primary\">TurabExpo \u0130stanbul\u00a0<\/span><\/h3>\n<div>We hosted our customers at TurabExpo Agriculture Fair between June 14-15.<\/div>\n<div>\u00a0<\/div>\n<div>\u00a0<\/div>\n\t\t\n<style>\n#text-3017425917 {\n  text-align: center;\n}\n<\/style>\n\t<\/div>\n\t\n  <div class=\"banner-grid-wrapper\">\n  <div id=\"banner-grid-748223315\" class=\"banner-grid row row-grid row-small\" data-packery-options=\"\">\n                      \n<div class=\"col grid-col large-6 grid-col-1\" ><div class=\"col-inner\">\n\t<div class=\"img has-hover x md-x lg-x y md-y lg-y\" id=\"image_1249461520\">\n\t\t<a class=\"image-lightbox lightbox-gallery\" title=\"\" href=\"https:\/\/www.bioferaenerji.com.tr\/wp-content\/uploads\/2023\/12\/WhatsApp-Image-2023-12-23-at-11.34.47-600x800.jpeg\">\t\t\t\t\t\t<div class=\"img-inner dark\" >\n\t\t\t<img loading=\"lazy\" decoding=\"async\" width=\"600\" height=\"800\" src=\"https:\/\/www.bioferaenerji.com.tr\/wp-content\/uploads\/2023\/12\/WhatsApp-Image-2023-12-23-at-11.34.47-600x800.jpeg\" class=\"attachment-large size-large\" alt=\"\" srcset=\"https:\/\/www.bioferaenerji.com.tr\/wp-content\/uploads\/2023\/12\/WhatsApp-Image-2023-12-23-at-11.34.47-600x800.jpeg 600w, https:\/\/www.bioferaenerji.com.tr\/wp-content\/uploads\/2023\/12\/WhatsApp-Image-2023-12-23-at-11.34.47-300x400.jpeg 300w, https:\/\/www.bioferaenerji.com.tr\/wp-content\/uploads\/2023\/12\/WhatsApp-Image-2023-12-23-at-11.34.47.jpeg 768w\" sizes=\"auto, (max-width: 600px) 100vw, 600px\" \/>\t\t\t\t\t\t\n\t\t\t\t\t<\/div>\n\t\t\t\t\t\t<\/a>\t\t\n<style>\n#image_1249461520 {\n  width: 100%;\n}\n<\/style>\n\t<\/div>\n\t\n<\/div><\/div>\n<div class=\"col grid-col large-3 grid-col-1\" ><div class=\"col-inner\">\n\t<div class=\"img has-hover x md-x lg-x y md-y lg-y\" id=\"image_580759998\">\n\t\t<a class=\"image-lightbox lightbox-gallery\" title=\"\" href=\"https:\/\/www.bioferaenerji.com.tr\/wp-content\/uploads\/2023\/12\/WhatsApp-Image-2023-12-23-at-11.34.47-1.jpeg\">\t\t\t\t\t\t<div class=\"img-inner dark\" >\n\t\t\t<img loading=\"lazy\" decoding=\"async\" width=\"1020\" height=\"765\" src=\"https:\/\/www.bioferaenerji.com.tr\/wp-content\/uploads\/2023\/12\/WhatsApp-Image-2023-12-23-at-11.34.47-1.jpeg\" class=\"attachment-large size-large\" alt=\"\" srcset=\"https:\/\/www.bioferaenerji.com.tr\/wp-content\/uploads\/2023\/12\/WhatsApp-Image-2023-12-23-at-11.34.47-1.jpeg 1024w, https:\/\/www.bioferaenerji.com.tr\/wp-content\/uploads\/2023\/12\/WhatsApp-Image-2023-12-23-at-11.34.47-1-533x400.jpeg 533w, https:\/\/www.bioferaenerji.com.tr\/wp-content\/uploads\/2023\/12\/WhatsApp-Image-2023-12-23-at-11.34.47-1-768x576.jpeg 768w\" sizes=\"auto, (max-width: 1020px) 100vw, 1020px\" \/>\t\t\t\t\t\t\n\t\t\t\t\t<\/div>\n\t\t\t\t\t\t<\/a>\t\t\n<style>\n#image_580759998 {\n  width: 100%;\n}\n<\/style>\n\t<\/div>\n\t\n<\/div><\/div>\n<div class=\"col grid-col large-3 grid-col-1-2\" ><div class=\"col-inner\">\n\t<div class=\"img has-hover x md-x lg-x y md-y lg-y\" id=\"image_1837932965\">\n\t\t<a class=\"image-lightbox lightbox-gallery\" title=\"\" href=\"https:\/\/www.bioferaenerji.com.tr\/wp-content\/uploads\/2023\/12\/WhatsApp-Image-2023-12-23-at-11.54.54-600x800.jpeg\">\t\t\t\t\t\t<div class=\"img-inner dark\" >\n\t\t\t<img loading=\"lazy\" decoding=\"async\" width=\"600\" height=\"800\" src=\"https:\/\/www.bioferaenerji.com.tr\/wp-content\/uploads\/2023\/12\/WhatsApp-Image-2023-12-23-at-11.54.54-600x800.jpeg\" class=\"attachment-large size-large\" alt=\"\" srcset=\"https:\/\/www.bioferaenerji.com.tr\/wp-content\/uploads\/2023\/12\/WhatsApp-Image-2023-12-23-at-11.54.54-600x800.jpeg 600w, https:\/\/www.bioferaenerji.com.tr\/wp-content\/uploads\/2023\/12\/WhatsApp-Image-2023-12-23-at-11.54.54-300x400.jpeg 300w, https:\/\/www.bioferaenerji.com.tr\/wp-content\/uploads\/2023\/12\/WhatsApp-Image-2023-12-23-at-11.54.54.jpeg 768w\" sizes=\"auto, (max-width: 600px) 100vw, 600px\" \/>\t\t\t\t\t\t\n\t\t\t\t\t<\/div>\n\t\t\t\t\t\t<\/a>\t\t\n<style>\n#image_1837932965 {\n  width: 100%;\n}\n<\/style>\n\t<\/div>\n\t\n<\/div><\/div>\n<div class=\"col grid-col large-3 grid-col-1-2\" ><div class=\"col-inner\">\n<\/div><\/div>\n            <\/div>\n    <style>\n    #banner-grid-748223315 .grid-col-1{height: 600px}\n    #banner-grid-748223315 .grid-col-1-2{height: 300px}\n    #banner-grid-748223315 .grid-col-1-3{height:200px}\n    #banner-grid-748223315 .grid-col-2-3{height: 400px}\n    #banner-grid-748223315 .grid-col-1-4{height: 150px}\n    #banner-grid-748223315 .grid-col-3-4{height: 450px}\n\n\n    \n    \n\n  <\/style>\n    <\/div>\n  \n\t<div id=\"text-1377225907\" class=\"text\">\n\t\t\n<h3><span data-text-color=\"primary\">Agro Batumi 2023<\/span><\/h3>\n<div>We were at the Agro Batumi 2023 Agriculture fair which took place between October 6-8.\u00a0<\/div>\n<div>\u00a0<\/div>\n<div>We were happy to discuss potential cooperation in Georgia.<\/div>\n\t\t\n<style>\n#text-1377225907 {\n  text-align: center;\n}\n<\/style>\n\t<\/div>\n\t\n  <div class=\"banner-grid-wrapper\">\n  <div id=\"banner-grid-1905440674\" class=\"banner-grid row row-grid row-small\" data-packery-options=\"\">\n                      \n<div class=\"col grid-col large-6 grid-col-1\" ><div class=\"col-inner\">\n\t<div class=\"img has-hover x md-x lg-x y md-y lg-y\" id=\"image_49405553\">\n\t\t\t\t\t\t\t\t<div class=\"img-inner dark\" >\n\t\t\t<img loading=\"lazy\" decoding=\"async\" width=\"1020\" height=\"765\" src=\"https:\/\/www.bioferaenerji.com.tr\/wp-content\/uploads\/2023\/12\/WhatsApp-Image-2023-12-18-at-12.59.20.jpeg\" class=\"attachment-large size-large\" alt=\"\" srcset=\"https:\/\/www.bioferaenerji.com.tr\/wp-content\/uploads\/2023\/12\/WhatsApp-Image-2023-12-18-at-12.59.20.jpeg 1024w, https:\/\/www.bioferaenerji.com.tr\/wp-content\/uploads\/2023\/12\/WhatsApp-Image-2023-12-18-at-12.59.20-533x400.jpeg 533w, https:\/\/www.bioferaenerji.com.tr\/wp-content\/uploads\/2023\/12\/WhatsApp-Image-2023-12-18-at-12.59.20-768x576.jpeg 768w\" sizes=\"auto, (max-width: 1020px) 100vw, 1020px\" \/>\t\t\t\t\t\t\n\t\t\t\t\t<\/div>\n\t\t\t\t\t\t\t\t\n<style>\n#image_49405553 {\n  width: 100%;\n}\n<\/style>\n\t<\/div>\n\t\n<\/div><\/div>\n<div class=\"col grid-col large-3 grid-col-1\" ><div class=\"col-inner\">\n\t<div class=\"img has-hover x md-x lg-x y md-y lg-y\" id=\"image_2103081850\">\n\t\t\t\t\t\t\t\t<div class=\"img-inner dark\" >\n\t\t\t<img loading=\"lazy\" decoding=\"async\" width=\"1020\" height=\"459\" src=\"https:\/\/www.bioferaenerji.com.tr\/wp-content\/uploads\/2023\/12\/WhatsApp-Image-2023-12-18-at-12.57.49.jpeg\" class=\"attachment-large size-large\" alt=\"\" srcset=\"https:\/\/www.bioferaenerji.com.tr\/wp-content\/uploads\/2023\/12\/WhatsApp-Image-2023-12-18-at-12.57.49.jpeg 1024w, https:\/\/www.bioferaenerji.com.tr\/wp-content\/uploads\/2023\/12\/WhatsApp-Image-2023-12-18-at-12.57.49-800x360.jpeg 800w, https:\/\/www.bioferaenerji.com.tr\/wp-content\/uploads\/2023\/12\/WhatsApp-Image-2023-12-18-at-12.57.49-768x346.jpeg 768w\" sizes=\"auto, (max-width: 1020px) 100vw, 1020px\" \/>\t\t\t\t\t\t\n\t\t\t\t\t<\/div>\n\t\t\t\t\t\t\t\t\n<style>\n#image_2103081850 {\n  width: 100%;\n}\n<\/style>\n\t<\/div>\n\t\n<\/div><\/div>\n<div class=\"col grid-col large-3 grid-col-1-2\" ><div class=\"col-inner\">\n\t<div class=\"img has-hover x md-x lg-x y md-y lg-y\" id=\"image_848187778\">\n\t\t\t\t\t\t\t\t<div class=\"img-inner dark\" >\n\t\t\t<img loading=\"lazy\" decoding=\"async\" width=\"334\" height=\"800\" src=\"https:\/\/www.bioferaenerji.com.tr\/wp-content\/uploads\/2023\/12\/WhatsApp-Image-2023-12-23-at-11.47.25-334x800.jpeg\" class=\"attachment-large size-large\" alt=\"\" srcset=\"https:\/\/www.bioferaenerji.com.tr\/wp-content\/uploads\/2023\/12\/WhatsApp-Image-2023-12-23-at-11.47.25-334x800.jpeg 334w, https:\/\/www.bioferaenerji.com.tr\/wp-content\/uploads\/2023\/12\/WhatsApp-Image-2023-12-23-at-11.47.25-167x400.jpeg 167w, https:\/\/www.bioferaenerji.com.tr\/wp-content\/uploads\/2023\/12\/WhatsApp-Image-2023-12-23-at-11.47.25.jpeg 427w\" sizes=\"auto, (max-width: 334px) 100vw, 334px\" \/>\t\t\t\t\t\t\n\t\t\t\t\t<\/div>\n\t\t\t\t\t\t\t\t\n<style>\n#image_848187778 {\n  width: 100%;\n}\n<\/style>\n\t<\/div>\n\t\n<\/div><\/div>\n<div class=\"col grid-col large-3 grid-col-1-2\" ><div class=\"col-inner\">\n\t<div class=\"img has-hover x md-x lg-x y md-y lg-y\" id=\"image_1279282503\">\n\t\t\t\t\t\t\t\t<div class=\"img-inner dark\" >\n\t\t\t<img loading=\"lazy\" decoding=\"async\" width=\"450\" height=\"800\" src=\"https:\/\/www.bioferaenerji.com.tr\/wp-content\/uploads\/2023\/12\/WhatsApp-Image-2023-12-23-at-11.47.25-1-450x800.jpeg\" class=\"attachment-large size-large\" alt=\"\" srcset=\"https:\/\/www.bioferaenerji.com.tr\/wp-content\/uploads\/2023\/12\/WhatsApp-Image-2023-12-23-at-11.47.25-1-450x800.jpeg 450w, https:\/\/www.bioferaenerji.com.tr\/wp-content\/uploads\/2023\/12\/WhatsApp-Image-2023-12-23-at-11.47.25-1-225x400.jpeg 225w, https:\/\/www.bioferaenerji.com.tr\/wp-content\/uploads\/2023\/12\/WhatsApp-Image-2023-12-23-at-11.47.25-1.jpeg 576w\" sizes=\"auto, (max-width: 450px) 100vw, 450px\" \/>\t\t\t\t\t\t\n\t\t\t\t\t<\/div>\n\t\t\t\t\t\t\t\t\n<style>\n#image_1279282503 {\n  width: 100%;\n}\n<\/style>\n\t<\/div>\n\t\n<\/div><\/div>\n            <\/div>\n    <style>\n    #banner-grid-1905440674 .grid-col-1{height: 600px}\n    #banner-grid-1905440674 .grid-col-1-2{height: 300px}\n    #banner-grid-1905440674 .grid-col-1-3{height:200px}\n    #banner-grid-1905440674 .grid-col-2-3{height: 400px}\n    #banner-grid-1905440674 .grid-col-1-4{height: 150px}\n    #banner-grid-1905440674 .grid-col-3-4{height: 450px}\n\n\n    \n    \n\n  <\/style>\n    <\/div>\n  \n\t<div id=\"text-3918273010\" class=\"text\">\n\t\t\n<h3><span data-text-color=\"primary\">Media<\/span><\/h3>\n<p>\u00a0<\/p>\n\t\t\n<style>\n#text-3918273010 {\n  text-align: center;\n}\n<\/style>\n\t<\/div>\n\t\n<div class=\"video video-fit mb\" style=\"padding-top:50%;\"><p><iframe loading=\"lazy\" title=\"Sel\u00e7uk HAMZA\u00c7EBI - B\u0130OFERA ENERJ\u0130\" width=\"1020\" height=\"574\" src=\"https:\/\/www.youtube.com\/embed\/q2YdxBbyOjM?feature=oembed\" frameborder=\"0\" allow=\"accelerometer; autoplay; clipboard-write; encrypted-media; gyroscope; picture-in-picture; web-share\" allowfullscreen><\/iframe><\/p>\n<\/div>\n<div class=\"video video-fit mb\" style=\"padding-top:50%;\"><p><iframe loading=\"lazy\" title=\"B\u0130OFERA ORGAN\u0130K G\u00dcBRE - \u0130ZM\u0130R AGRO EXPO\" width=\"1020\" height=\"574\" src=\"https:\/\/www.youtube.com\/embed\/H0GRISiGYCk?feature=oembed\" frameborder=\"0\" allow=\"accelerometer; autoplay; clipboard-write; encrypted-media; gyroscope; picture-in-picture; web-share\" allowfullscreen><\/iframe><\/p>\n<\/div>\n<div class=\"video video-fit mb\" style=\"padding-top:50%;\"><p><iframe loading=\"lazy\" title=\"B\u0130OFERA   ANTALYA TARIM FUARI\" width=\"1020\" height=\"574\" src=\"https:\/\/www.youtube.com\/embed\/2f82NYrafZk?feature=oembed\" frameborder=\"0\" allow=\"accelerometer; autoplay; clipboard-write; encrypted-media; gyroscope; picture-in-picture; web-share\" allowfullscreen><\/iframe><\/p>\n<\/div>\n<div class=\"video video-fit mb\" style=\"padding-top:50%;\"><p><iframe loading=\"lazy\" title=\"Organik Tar\u0131m\u0131n G\u00fcbresi: Biofera ile Yap\u0131lan Canl\u0131 Fuar R\u00f6portaj\u0131!\" width=\"1020\" height=\"574\" src=\"https:\/\/www.youtube.com\/embed\/qu4Vq5aDBR4?start=155&#038;feature=oembed\" frameborder=\"0\" allow=\"accelerometer; autoplay; clipboard-write; encrypted-media; gyroscope; picture-in-picture; web-share\" allowfullscreen><\/iframe><\/p>\n<\/div>\n<h2><span data-text-color=\"primary\">E-Brochure<\/span><\/h2>\n\t<div class=\"img has-hover x md-x lg-x y md-y lg-y\" id=\"image_17480948\">\n\t\t<a class=\"\" href=\"https:\/\/www.bioferaenerji.com.tr\/wp-content\/uploads\/2023\/02\/Biofera-ic-sayfalar-3.pdf\" target=\"_blank\" rel=\"noopener noreferrer\" >\t\t\t\t\t\t<div class=\"img-inner dark\" >\n\t\t\t<img loading=\"lazy\" decoding=\"async\" width=\"1020\" height=\"721\" src=\"https:\/\/www.bioferaenerji.com.tr\/wp-content\/uploads\/2023\/02\/Biofera-ic-sayfalar-1-1131x800.png\" class=\"attachment-large size-large\" alt=\"\" srcset=\"https:\/\/www.bioferaenerji.com.tr\/wp-content\/uploads\/2023\/02\/Biofera-ic-sayfalar-1-1131x800.png 1131w, https:\/\/www.bioferaenerji.com.tr\/wp-content\/uploads\/2023\/02\/Biofera-ic-sayfalar-1-566x400.png 566w, https:\/\/www.bioferaenerji.com.tr\/wp-content\/uploads\/2023\/02\/Biofera-ic-sayfalar-1-768x543.png 768w, https:\/\/www.bioferaenerji.com.tr\/wp-content\/uploads\/2023\/02\/Biofera-ic-sayfalar-1-1536x1086.png 1536w, https:\/\/www.bioferaenerji.com.tr\/wp-content\/uploads\/2023\/02\/Biofera-ic-sayfalar-1-2048x1448.png 2048w\" sizes=\"auto, (max-width: 1020px) 100vw, 1020px\" \/>\t\t\t\t\t\t\n\t\t\t\t\t<\/div>\n\t\t\t\t\t\t<\/a>\t\t\n<style>\n#image_17480948 {\n  width: 100%;\n}\n<\/style>\n\t<\/div>\n\t\n\t\t<\/div>\n\t\t\t\t\t<\/div>\n\n\t\n<\/div>\n\t\t<\/div>\n\n\t\t\n<style>\n#section_1396254803 {\n  padding-top: 30px;\n  padding-bottom: 30px;\n}\n#section_1396254803 .ux-shape-divider--top svg {\n  height: 150px;\n  --divider-top-width: 100%;\n}\n#section_1396254803 .ux-shape-divider--bottom svg {\n  height: 150px;\n  --divider-width: 100%;\n}\n<\/style>\n\t<\/section>\n\t\n","protected":false},"excerpt":{"rendered":"","protected":false},"author":1,"featured_media":0,"parent":0,"menu_order":0,"comment_status":"closed","ping_status":"closed","template":"","meta":{"om_disable_all_campaigns":false,"_monsterinsights_skip_tracking":false,"_monsterinsights_sitenote_active":false,"_monsterinsights_sitenote_note":"","_monsterinsights_sitenote_category":0,"footnotes":""},"class_list":["post-928","page","type-page","status-publish","hentry"],"aioseo_notices":[],"_links":{"self":[{"href":"https:\/\/www.bioferaenerji.com.tr\/en\/wp-json\/wp\/v2\/pages\/928","targetHints":{"allow":["GET"]}}],"collection":[{"href":"https:\/\/www.bioferaenerji.com.tr\/en\/wp-json\/wp\/v2\/pages"}],"about":[{"href":"https:\/\/www.bioferaenerji.com.tr\/en\/wp-json\/wp\/v2\/types\/page"}],"author":[{"embeddable":true,"href":"https:\/\/www.bioferaenerji.com.tr\/en\/wp-json\/wp\/v2\/users\/1"}],"replies":[{"embeddable":true,"href":"https:\/\/www.bioferaenerji.com.tr\/en\/wp-json\/wp\/v2\/comments?post=928"}],"version-history":[{"count":21,"href":"https:\/\/www.bioferaenerji.com.tr\/en\/wp-json\/wp\/v2\/pages\/928\/revisions"}],"predecessor-version":[{"id":2231,"href":"https:\/\/www.bioferaenerji.com.tr\/en\/wp-json\/wp\/v2\/pages\/928\/revisions\/2231"}],"wp:attachment":[{"href":"https:\/\/www.bioferaenerji.com.tr\/en\/wp-json\/wp\/v2\/media?parent=928"}],"curies":[{"name":"wp","href":"https:\/\/api.w.org\/{rel}","templated":true}]}}